{"id":7195,"date":"2021-05-25T16:07:14","date_gmt":"2021-05-25T14:07:14","guid":{"rendered":"http:\/\/micropap.idevs.fr\/?page_id=7195"},"modified":"2025-12-01T11:33:23","modified_gmt":"2025-12-01T10:33:23","slug":"vous-etes-consommateur","status":"publish","type":"page","link":"https:\/\/micropap.fr\/en\/vous-etes-consommateur\/","title":{"rendered":"You are a consumer"},"content":{"rendered":"<section class=\"w-section\">\r\n<div class=\"row\"><div class=\"col col-6\">\r\n    <div class=\"col-inner\"><div class=\"w-image text-left\">\n            <img loading=\"lazy\" decoding=\"async\" width=\"527\" height=\"588\" src=\"https:\/\/micropap.fr\/wp-content\/uploads\/2021\/07\/goutes-2.png\" class=\"attachment-full size-full\" alt=\"Feuilles gouttes\" srcset=\"https:\/\/micropap.fr\/wp-content\/uploads\/2021\/07\/goutes-2.png 527w, https:\/\/micropap.fr\/wp-content\/uploads\/2021\/07\/goutes-2-269x300.png 269w, https:\/\/micropap.fr\/wp-content\/uploads\/2021\/07\/goutes-2-11x12.png 11w\" sizes=\"auto, (max-width: 527px) 100vw, 527px\" \/>    <\/div>\n<\/div><\/div><div class=\"col col-6\">\r\n    <div class=\"col-inner\"><div class=\"w-heading heading-1 text-left heading-level2\">\n             \n    <h2 class=\"heading-title\">MICROPAP<sup>\u00ae<\/sup> OR V\u00c9G\u00c9PAP<sup>\u00ae<\/sup>, paper inspired by nature<\/h2>    <!--    --><!-- -->\n<!--    --><!--    -->    <\/div><div class=\"w-space\" style=\"height:30px\"><\/div><div class=\"w-custom-heading\">\n    <p style=\"text-align: left\">    The combination of long-established expertise and cutting-edge technical innovation have led to the development of our two coated paper brands: Micropap<sup>\u00ae<\/sup> and V\u00e9g\u00e9pap\u00ae<sup>\u00ae<\/sup>.<\/p>\n<p>Directly inspired by nature, they are made from virgin cellulose and mineral or vegetable wax: premium packaging for your favourite foods!<\/p>\n<p class=\"translation-block\">Why have butchers, cheese makers and artisans chosen to use Micropap<sup>\u00ae<\/sup> and V\u00e9g\u00e9pap<sup>\u00ae<\/sup> for their products sold over the counter?<br>\nWhy have the major cheese manufacturers chosen Micropap<sup>\u00ae<\/sup> and V\u00e9g\u00e9pap<sup>\u00ae<\/sup> to ripen their cheese sold pre-packed off the shelf?<\/p><\/div><\/div><\/div><\/div><\/section><section class=\"w-section\" style=\"background-color:#f2f2f2\">\r\n<div class=\"row\"><div class=\"col col-12\">\r\n    <div class=\"col-inner\"><div class=\"row\">\r\n    <div class=\"col col-6\">\r\n    <div class=\"col-inner\"><div class=\"w-heading heading-1 text-right heading-level2\">\n             \n    <h2 class=\"heading-title\">Transport and store your products safely<\/h2>    <!--    --><!-- -->\n<!--    --><!--    -->    <\/div><div class=\"w-custom-heading\">\n    <p style=\"text-align: right\">    Camembert, ham, fish, chicory or oysters...Your products are protected by the moisture-resistant packaging during transport between the place of purchase and your home. Place your products directly in the fridge. The natural composition of Micropap<sup>\u00ae<\/sup> and V\u00e9g\u00e9pap\u00ae<sup>\u00ae<\/sup> and V\u00e9g\u00e9pap\u00ae and their guaranteed suitability for contact with food ensures that your food is stored safely.    <\/p><\/div><\/div><\/div><div class=\"col col-6\">\r\n    <div class=\"col-inner\"><div class=\"w-image text-left\">\n            <img loading=\"lazy\" decoding=\"async\" width=\"541\" height=\"360\" src=\"https:\/\/micropap.fr\/wp-content\/uploads\/2021\/05\/Capture-de\u0301cran-2021-05-25-a\u0300-16.28.10.png\" class=\"attachment-full size-full\" alt=\"fromage papier alimentaire\" srcset=\"https:\/\/micropap.fr\/wp-content\/uploads\/2021\/05\/Capture-de\u0301cran-2021-05-25-a\u0300-16.28.10.png 541w, https:\/\/micropap.fr\/wp-content\/uploads\/2021\/05\/Capture-de\u0301cran-2021-05-25-a\u0300-16.28.10-300x200.png 300w\" sizes=\"auto, (max-width: 541px) 100vw, 541px\" \/>    <\/div>\n<\/div><\/div><\/div><div class=\"w-space\" style=\"height:100px\"><\/div><div class=\"row\">\r\n    <div class=\"col col-6\">\r\n    <div class=\"col-inner\"><div class=\"w-image text-left\">\n            <img loading=\"lazy\" decoding=\"async\" width=\"908\" height=\"618\" src=\"https:\/\/micropap.fr\/wp-content\/uploads\/2021\/06\/MP-viande-conso.png\" class=\"attachment-full size-full\" alt=\"pi\u00e8ce de viande emballage alimentaire papier\" srcset=\"https:\/\/micropap.fr\/wp-content\/uploads\/2021\/06\/MP-viande-conso.png 908w, https:\/\/micropap.fr\/wp-content\/uploads\/2021\/06\/MP-viande-conso-300x204.png 300w, https:\/\/micropap.fr\/wp-content\/uploads\/2021\/06\/MP-viande-conso-768x523.png 768w, https:\/\/micropap.fr\/wp-content\/uploads\/2021\/06\/MP-viande-conso-16x12.png 16w, https:\/\/micropap.fr\/wp-content\/uploads\/2021\/06\/MP-viande-conso-640x436.png 640w\" sizes=\"auto, (max-width: 908px) 100vw, 908px\" \/>    <\/div>\n<\/div><\/div><div class=\"col col-6\">\r\n    <div class=\"col-inner\"><div class=\"w-heading heading-1 text-left heading-level2\">\n             \n    <h2 class=\"heading-title\">Your food can breathe and retains its freshness and flavour<\/h2>    <!--    --><!-- -->\n<!--    --><!--    -->    <\/div><div class=\"w-custom-heading\">\n    <p style=\"text-align: left\">    Nature\u2019s intelligence has been used as a model: just like the leaves of a tree, our paper allows packaged food to breathe naturally. The control of gas exchange with the external environment preserves freshness and protects products from light: meat continues to mature and cheese to ripen in your fridge, for the best possible taste.<br \/>\nMeat and charcuterie remain fresh and cheese retains its flavour. Packaged in this natural protective case, the product maintains its properties and taste.    <\/p><\/div><\/div><\/div><\/div><div class=\"w-space\" style=\"height:100px\"><\/div><div class=\"row\">\r\n    <div class=\"col col-6\">\r\n    <div class=\"col-inner\"><div class=\"w-heading heading-1 text-right heading-level2\">\n             \n    <h2 class=\"heading-title\">Unfold, unwrap, food remains intact<\/h2>    <!--    --><!-- -->\n<!--    --><!--    -->    <\/div><div class=\"w-custom-heading\">\n    <p style=\"text-align: right\" class=\"translation-block\">Our Micropap<sup>\u00ae<\/sup> and V\u00e9g\u00e9pap<sup>\u00ae<\/sup> paper ranges are smooth in texture and soft to the touch, ensuring that food does not stick to the packaging. The packaging can be opened and then easily rewrapped to extend the product\u2019s shelf life.<\/p><\/div><div class=\"w-text-block\">\n    <p style=\"text-align: right;\"><strong>Why place food packaged by the cheesemaker, butcher, or fishmonger directly in the refrigerator?<\/strong><\/p>\n<\/div><div class=\"w-custom-heading\">\n    <p style=\"text-align: right\">    The coated paper packaging used by artisan traders in the food industry allows:<br \/>\n- de prot\u00e9ger vos aliments ;<br \/>\n- to preserve their freshness and flavor, like in a cellar, thanks to their breathable material;<br \/>\n- prevent drying out and stop odors;<br \/>\n- to extend their lifespan    <\/p><\/div><\/div><\/div><div class=\"col col-6\">\r\n    <div class=\"col-inner\"><div class=\"w-image text-left\">\n            <img loading=\"lazy\" decoding=\"async\" width=\"543\" height=\"365\" src=\"https:\/\/micropap.fr\/wp-content\/uploads\/2021\/05\/Capture-de\u0301cran-2021-05-25-a\u0300-16.32.09.png\" class=\"attachment-full size-full\" alt=\"bleu emballage papier\" srcset=\"https:\/\/micropap.fr\/wp-content\/uploads\/2021\/05\/Capture-de\u0301cran-2021-05-25-a\u0300-16.32.09.png 543w, https:\/\/micropap.fr\/wp-content\/uploads\/2021\/05\/Capture-de\u0301cran-2021-05-25-a\u0300-16.32.09-300x202.png 300w\" sizes=\"auto, (max-width: 543px) 100vw, 543px\" \/>    <\/div>\n<\/div><\/div><\/div><div class=\"w-space\" style=\"height:100px\"><\/div><div class=\"row\">\r\n    <div class=\"col col-6\">\r\n    <div class=\"col-inner\"><div class=\"w-image text-left\">\n            <img loading=\"lazy\" decoding=\"async\" width=\"1146\" height=\"784\" src=\"https:\/\/micropap.fr\/wp-content\/uploads\/2021\/05\/img-4-min.png\" class=\"attachment-full size-full\" alt=\"Label Fabriqu\u00e9 en France\" srcset=\"https:\/\/micropap.fr\/wp-content\/uploads\/2021\/05\/img-4-min.png 1146w, https:\/\/micropap.fr\/wp-content\/uploads\/2021\/05\/img-4-min-300x205.png 300w, https:\/\/micropap.fr\/wp-content\/uploads\/2021\/05\/img-4-min-1024x701.png 1024w, https:\/\/micropap.fr\/wp-content\/uploads\/2021\/05\/img-4-min-768x525.png 768w, https:\/\/micropap.fr\/wp-content\/uploads\/2021\/05\/img-4-min-640x438.png 640w\" sizes=\"auto, (max-width: 1146px) 100vw, 1146px\" \/>    <\/div>\n<\/div><\/div><div class=\"col col-6\">\r\n    <div class=\"col-inner\"><div class=\"w-heading heading-1 text-left heading-level2\">\n             \n    <h2 class=\"heading-title translation-block\">Micropap<sup>\u00ae<\/sup> and V\u00e9g\u00e9pap<sup>\u00ae<\/sup>, the choice of French quality<\/h2>    <!--    --><!-- -->\n<!--    --><!--    -->    <\/div><div class=\"w-custom-heading\">\n    <p style=\"text-align: left\">    With our coated paper, manufacturers and retailers have opted for paper manufactured and processed in France, based on French expertise and technology. They know that quality is guaranteed!    <\/p><\/div><\/div><\/div><\/div><\/div><\/div><\/div><\/section><section class=\"w-section\">\r\n<div class=\"row\"><div class=\"col col-6\">\r\n    <div class=\"col-inner\"><div class=\"w-image text-left\">\n            <img loading=\"lazy\" decoding=\"async\" width=\"1000\" height=\"908\" src=\"https:\/\/micropap.fr\/wp-content\/uploads\/2021\/05\/img-5-min.png\" class=\"attachment-full size-full\" alt=\"Nouvelle pousse arbre\" srcset=\"https:\/\/micropap.fr\/wp-content\/uploads\/2021\/05\/img-5-min.png 1000w, https:\/\/micropap.fr\/wp-content\/uploads\/2021\/05\/img-5-min-300x272.png 300w, https:\/\/micropap.fr\/wp-content\/uploads\/2021\/05\/img-5-min-768x697.png 768w, https:\/\/micropap.fr\/wp-content\/uploads\/2021\/05\/img-5-min-640x581.png 640w\" sizes=\"auto, (max-width: 1000px) 100vw, 1000px\" \/>    <\/div>\n<\/div><\/div><div class=\"col col-6\">\r\n    <div class=\"col-inner\"><div class=\"w-heading heading-1 text-left heading-level2\">\n             \n    <h2 class=\"heading-title translation-block\">With Micropap<sup>\u00ae<\/sup> and V\u00e9g\u00e9pap<sup>\u00ae<\/sup>, you can also make a real contribution to helping the environment<\/h2>    <!--    --><!-- -->\n<!--    --><!--    -->    <\/div><div class=\"row\">\r\n    <div class=\"col col-12 vc_custom_1621956510162\">\r\n    <div class=\"col-inner\"><div class=\"w-space\" style=\"height:30px\"><\/div><div class=\"w-text-block vc_custom_1709027476810\">\n    <p class=\"translation-block\">\u2022 Short distribution channels: our paper is made in various <a href=\"\/en\/a-propos\/#membres\" target=\"_self\">regions<\/a>, in mills close to where it is used.<\/p>\n<p>\u2022 Des emballages faits de mat\u00e9riaux naturels et recyclables : du papier issu de ressources <a href=\"\/en\/nos-produits\/#enjeux-daujourdhui\">PEFC\/SFC<\/a> resources and from mineral or vegetable wax.<br \/>\nOver 90% of the components <a href=\"\/en\/nos-produits\/#marque-vegepap\">Vegepap\u00ae<sup>\u00ae<\/sup><\/a> sont d&rsquo;origine v\u00e9g\u00e9tale.<\/p>\n<p>\u2022 Waste reduction and recovery: the coated paper is very lightweight, whether crumpled or folded, and the final volume required is minimal. According to estimates by the MICROPAP Group, the volume of waste from household packaging made from coated paper would be 22,800 tonnes, or less than 1% of the total volume of household waste to be recycled.<\/p>\n<\/div><\/div><\/div><\/div><\/div><\/div><\/div><\/section><section class=\"w-section vc_custom_1621955802904\" style=\"background-color:#f2f2f2\">\r\n<div class=\"row\"><div class=\"col col-12\">\r\n    <div class=\"col-inner\"><div class=\"w-text-block\">\n    <p><img loading=\"lazy\" decoding=\"async\" class=\"aligncenter wp-image-7272 size-thumbnail\" style=\"padding-top: 30px;\" src=\"https:\/\/micropap.fr\/wp-content\/uploads\/2021\/05\/roll-150x150.png\" alt=\"\" width=\"150\" height=\"150\" \/><\/p>\n<h4 style=\"text-align: center; color: grey; line-height: 1.5;\"><span style=\"font-weight: 400;\">s<\/span><span style=\"font-weight: 400;\">Become a consum'actor,<\/span><span style=\"font-weight: 400;\">Become a consum'actor, ask for the French quality of Micropap\u00ae and Vegepap\u00ae for your products and remember to sort your household packaging so that they can be recycled.<sup>\u00ae<\/sup> and V\u00e9g\u00e9pap\u00ae<sup>\u00ae<\/sup> pour vos produits frais et pensez \u00e0 trier vos emballages pour qu&rsquo;ils soient recycl\u00e9s !<\/span><\/h4>\n<\/div><\/div><\/div><\/div><\/section>","protected":false},"excerpt":{"rendered":"MICROPAP\u00ae OU V\u00c9G\u00c9PAP\u00ae, les papiers inspir\u00e9s par la nature L\u2019alliance d\u2019un long savoir-faire et d\u2019\u00e9volutions techniques de pointe a donn\u00e9 naissance \u00e0 nos deux marques de papiers enduits : Micropap\u00ae et V\u00e9g\u00e9pap\u00ae. Inspir\u00e9s directement de la nature, ils sont compos\u00e9s de cellulose vierge et de cire min\u00e9rale ou v\u00e9g\u00e9tale : des emballages adapt\u00e9s pour prot\u00e9ger [...]","protected":false},"author":1,"featured_media":0,"parent":0,"menu_order":0,"comment_status":"closed","ping_status":"closed","template":"","meta":{"footnotes":""},"class_list":["post-7195","page","type-page","status-publish","hentry"],"yoast_head":"<!-- This site is optimized with the Yoast SEO plugin v27.5 - https:\/\/yoast.com\/product\/yoast-seo-wordpress\/ -->\n<title>Vous \u00eates consommateur - Micropap<\/title>\n<meta name=\"description\" content=\"Consommateur : MICROPAP est une organisation qui f\u00e9d\u00e8re des industriels qui produisent des papiers destin\u00e9s \u00e0 l\u2019emballage alimentaire.\" \/>\n<meta name=\"robots\" content=\"index, follow, max-snippet:-1, max-image-preview:large, max-video-preview:-1\" \/>\n<link rel=\"canonical\" href=\"https:\/\/micropap.fr\/en\/vous-etes-consommateur\/\" \/>\n<meta property=\"og:locale\" content=\"en_GB\" \/>\n<meta property=\"og:type\" content=\"article\" \/>\n<meta property=\"og:title\" content=\"Vous \u00eates consommateur - Micropap\" \/>\n<meta property=\"og:description\" content=\"Consommateur : MICROPAP est une organisation qui f\u00e9d\u00e8re des industriels qui produisent des papiers destin\u00e9s \u00e0 l\u2019emballage alimentaire.\" \/>\n<meta property=\"og:url\" content=\"https:\/\/micropap.fr\/en\/vous-etes-consommateur\/\" \/>\n<meta property=\"og:site_name\" content=\"Micropap\" \/>\n<meta property=\"article:modified_time\" content=\"2025-12-01T10:33:23+00:00\" \/>\n<meta property=\"og:image\" content=\"https:\/\/micropap.fr\/wp-content\/uploads\/2021\/05\/roll-150x150.png\" \/>\n<meta name=\"twitter:card\" content=\"summary_large_image\" \/>\n<meta name=\"twitter:label1\" content=\"Estimated reading time\" \/>\n\t<meta name=\"twitter:data1\" content=\"7 minutes\" \/>\n<script type=\"application\/ld+json\" class=\"yoast-schema-graph\">{\"@context\":\"https:\\\/\\\/schema.org\",\"@graph\":[{\"@type\":\"WebPage\",\"@id\":\"https:\\\/\\\/micropap.fr\\\/vous-etes-consommateur\\\/\",\"url\":\"https:\\\/\\\/micropap.fr\\\/vous-etes-consommateur\\\/\",\"name\":\"Vous \u00eates consommateur - Micropap\",\"isPartOf\":{\"@id\":\"https:\\\/\\\/micropap.fr\\\/#website\"},\"primaryImageOfPage\":{\"@id\":\"https:\\\/\\\/micropap.fr\\\/vous-etes-consommateur\\\/#primaryimage\"},\"image\":{\"@id\":\"https:\\\/\\\/micropap.fr\\\/vous-etes-consommateur\\\/#primaryimage\"},\"thumbnailUrl\":\"https:\\\/\\\/micropap.fr\\\/wp-content\\\/uploads\\\/2021\\\/05\\\/roll-150x150.png\",\"datePublished\":\"2021-05-25T14:07:14+00:00\",\"dateModified\":\"2025-12-01T10:33:23+00:00\",\"description\":\"Consommateur : MICROPAP est une organisation qui f\u00e9d\u00e8re des industriels qui produisent des papiers destin\u00e9s \u00e0 l\u2019emballage alimentaire.\",\"breadcrumb\":{\"@id\":\"https:\\\/\\\/micropap.fr\\\/vous-etes-consommateur\\\/#breadcrumb\"},\"inLanguage\":\"en-GB\",\"potentialAction\":[{\"@type\":\"ReadAction\",\"target\":[\"https:\\\/\\\/micropap.fr\\\/vous-etes-consommateur\\\/\"]}]},{\"@type\":\"ImageObject\",\"inLanguage\":\"en-GB\",\"@id\":\"https:\\\/\\\/micropap.fr\\\/vous-etes-consommateur\\\/#primaryimage\",\"url\":\"https:\\\/\\\/micropap.fr\\\/wp-content\\\/uploads\\\/2021\\\/05\\\/roll-150x150.png\",\"contentUrl\":\"https:\\\/\\\/micropap.fr\\\/wp-content\\\/uploads\\\/2021\\\/05\\\/roll-150x150.png\"},{\"@type\":\"BreadcrumbList\",\"@id\":\"https:\\\/\\\/micropap.fr\\\/vous-etes-consommateur\\\/#breadcrumb\",\"itemListElement\":[{\"@type\":\"ListItem\",\"position\":1,\"name\":\"Accueil\",\"item\":\"https:\\\/\\\/micropap.fr\\\/\"},{\"@type\":\"ListItem\",\"position\":2,\"name\":\"Vous \u00eates consommateur\"}]},{\"@type\":\"WebSite\",\"@id\":\"https:\\\/\\\/micropap.fr\\\/#website\",\"url\":\"https:\\\/\\\/micropap.fr\\\/\",\"name\":\"Micropap\",\"description\":\"\",\"publisher\":{\"@id\":\"https:\\\/\\\/micropap.fr\\\/#organization\"},\"potentialAction\":[{\"@type\":\"SearchAction\",\"target\":{\"@type\":\"EntryPoint\",\"urlTemplate\":\"https:\\\/\\\/micropap.fr\\\/?s={search_term_string}\"},\"query-input\":{\"@type\":\"PropertyValueSpecification\",\"valueRequired\":true,\"valueName\":\"search_term_string\"}}],\"inLanguage\":\"en-GB\"},{\"@type\":\"Organization\",\"@id\":\"https:\\\/\\\/micropap.fr\\\/#organization\",\"name\":\"micropap\",\"url\":\"https:\\\/\\\/micropap.fr\\\/\",\"logo\":{\"@type\":\"ImageObject\",\"inLanguage\":\"en-GB\",\"@id\":\"https:\\\/\\\/micropap.fr\\\/#\\\/schema\\\/logo\\\/image\\\/\",\"url\":\"https:\\\/\\\/micropap.fr\\\/wp-content\\\/uploads\\\/2021\\\/09\\\/cropped-Micropap-favicon.png\",\"contentUrl\":\"https:\\\/\\\/micropap.fr\\\/wp-content\\\/uploads\\\/2021\\\/09\\\/cropped-Micropap-favicon.png\",\"width\":512,\"height\":512,\"caption\":\"micropap\"},\"image\":{\"@id\":\"https:\\\/\\\/micropap.fr\\\/#\\\/schema\\\/logo\\\/image\\\/\"}}]}<\/script>\n<!-- \/ Yoast SEO plugin. -->","yoast_head_json":{"title":"Vous \u00eates consommateur - Micropap","description":"Consommateur : MICROPAP est une organisation qui f\u00e9d\u00e8re des industriels qui produisent des papiers destin\u00e9s \u00e0 l\u2019emballage alimentaire.","robots":{"index":"index","follow":"follow","max-snippet":"max-snippet:-1","max-image-preview":"max-image-preview:large","max-video-preview":"max-video-preview:-1"},"canonical":"https:\/\/micropap.fr\/en\/vous-etes-consommateur\/","og_locale":"en_GB","og_type":"article","og_title":"Vous \u00eates consommateur - Micropap","og_description":"Consommateur : MICROPAP est une organisation qui f\u00e9d\u00e8re des industriels qui produisent des papiers destin\u00e9s \u00e0 l\u2019emballage alimentaire.","og_url":"https:\/\/micropap.fr\/en\/vous-etes-consommateur\/","og_site_name":"Micropap","article_modified_time":"2025-12-01T10:33:23+00:00","og_image":[{"url":"https:\/\/micropap.fr\/wp-content\/uploads\/2021\/05\/roll-150x150.png","type":"","width":"","height":""}],"twitter_card":"summary_large_image","twitter_misc":{"Estimated reading time":"7 minutes"},"schema":{"@context":"https:\/\/schema.org","@graph":[{"@type":"WebPage","@id":"https:\/\/micropap.fr\/vous-etes-consommateur\/","url":"https:\/\/micropap.fr\/vous-etes-consommateur\/","name":"Vous \u00eates consommateur - Micropap","isPartOf":{"@id":"https:\/\/micropap.fr\/#website"},"primaryImageOfPage":{"@id":"https:\/\/micropap.fr\/vous-etes-consommateur\/#primaryimage"},"image":{"@id":"https:\/\/micropap.fr\/vous-etes-consommateur\/#primaryimage"},"thumbnailUrl":"https:\/\/micropap.fr\/wp-content\/uploads\/2021\/05\/roll-150x150.png","datePublished":"2021-05-25T14:07:14+00:00","dateModified":"2025-12-01T10:33:23+00:00","description":"Consommateur : MICROPAP est une organisation qui f\u00e9d\u00e8re des industriels qui produisent des papiers destin\u00e9s \u00e0 l\u2019emballage alimentaire.","breadcrumb":{"@id":"https:\/\/micropap.fr\/vous-etes-consommateur\/#breadcrumb"},"inLanguage":"en-GB","potentialAction":[{"@type":"ReadAction","target":["https:\/\/micropap.fr\/vous-etes-consommateur\/"]}]},{"@type":"ImageObject","inLanguage":"en-GB","@id":"https:\/\/micropap.fr\/vous-etes-consommateur\/#primaryimage","url":"https:\/\/micropap.fr\/wp-content\/uploads\/2021\/05\/roll-150x150.png","contentUrl":"https:\/\/micropap.fr\/wp-content\/uploads\/2021\/05\/roll-150x150.png"},{"@type":"BreadcrumbList","@id":"https:\/\/micropap.fr\/vous-etes-consommateur\/#breadcrumb","itemListElement":[{"@type":"ListItem","position":1,"name":"Accueil","item":"https:\/\/micropap.fr\/"},{"@type":"ListItem","position":2,"name":"Vous \u00eates consommateur"}]},{"@type":"WebSite","@id":"https:\/\/micropap.fr\/#website","url":"https:\/\/micropap.fr\/","name":"Micropap","description":"","publisher":{"@id":"https:\/\/micropap.fr\/#organization"},"potentialAction":[{"@type":"SearchAction","target":{"@type":"EntryPoint","urlTemplate":"https:\/\/micropap.fr\/?s={search_term_string}"},"query-input":{"@type":"PropertyValueSpecification","valueRequired":true,"valueName":"search_term_string"}}],"inLanguage":"en-GB"},{"@type":"Organization","@id":"https:\/\/micropap.fr\/#organization","name":"micropap","url":"https:\/\/micropap.fr\/","logo":{"@type":"ImageObject","inLanguage":"en-GB","@id":"https:\/\/micropap.fr\/#\/schema\/logo\/image\/","url":"https:\/\/micropap.fr\/wp-content\/uploads\/2021\/09\/cropped-Micropap-favicon.png","contentUrl":"https:\/\/micropap.fr\/wp-content\/uploads\/2021\/09\/cropped-Micropap-favicon.png","width":512,"height":512,"caption":"micropap"},"image":{"@id":"https:\/\/micropap.fr\/#\/schema\/logo\/image\/"}}]}},"_links":{"self":[{"href":"https:\/\/micropap.fr\/en\/wp-json\/wp\/v2\/pages\/7195","targetHints":{"allow":["GET"]}}],"collection":[{"href":"https:\/\/micropap.fr\/en\/wp-json\/wp\/v2\/pages"}],"about":[{"href":"https:\/\/micropap.fr\/en\/wp-json\/wp\/v2\/types\/page"}],"author":[{"embeddable":true,"href":"https:\/\/micropap.fr\/en\/wp-json\/wp\/v2\/users\/1"}],"replies":[{"embeddable":true,"href":"https:\/\/micropap.fr\/en\/wp-json\/wp\/v2\/comments?post=7195"}],"version-history":[{"count":46,"href":"https:\/\/micropap.fr\/en\/wp-json\/wp\/v2\/pages\/7195\/revisions"}],"predecessor-version":[{"id":10315,"href":"https:\/\/micropap.fr\/en\/wp-json\/wp\/v2\/pages\/7195\/revisions\/10315"}],"wp:attachment":[{"href":"https:\/\/micropap.fr\/en\/wp-json\/wp\/v2\/media?parent=7195"}],"curies":[{"name":"wp","href":"https:\/\/api.w.org\/{rel}","templated":true}]}}