{"id":7291,"date":"2021-05-26T10:22:21","date_gmt":"2021-05-26T08:22:21","guid":{"rendered":"http:\/\/micropap.idevs.fr\/?page_id=7291"},"modified":"2025-09-19T15:27:34","modified_gmt":"2025-09-19T13:27:34","slug":"contact","status":"publish","type":"page","link":"https:\/\/micropap.fr\/en\/contact\/","title":{"rendered":"Contact"},"content":{"rendered":"<section class=\"w-section m-padding custom-display-row\">\r\n<div class=\"row\"><div class=\"col col-6\">\r\n    <div class=\"col-inner\"><div class=\"w-image text-center\">\n            <img loading=\"lazy\" decoding=\"async\" width=\"569\" height=\"580\" src=\"https:\/\/micropap.fr\/wp-content\/uploads\/2021\/07\/visuel-page-contacts.png\" class=\"attachment-full size-full\" alt=\"emballage papier fromage ch\u00e8vre\" srcset=\"https:\/\/micropap.fr\/wp-content\/uploads\/2021\/07\/visuel-page-contacts.png 569w, https:\/\/micropap.fr\/wp-content\/uploads\/2021\/07\/visuel-page-contacts-294x300.png 294w, https:\/\/micropap.fr\/wp-content\/uploads\/2021\/07\/visuel-page-contacts-12x12.png 12w\" sizes=\"auto, (max-width: 569px) 100vw, 569px\" \/>    <\/div>\n<\/div><\/div><div class=\"col col-6 vc_custom_1618321732382\">\r\n    <div class=\"col-inner\"><div class=\"w-heading heading-1 text-left heading-level2\">\n             \n    <h2 class=\"heading-title\">Contact us for more information.<\/h2>    <!--    --><!-- -->\n<!--    --><!--    -->    <\/div><div class=\"w-space\" style=\"height:30px\"><\/div><div class=\"row vc_custom_1618316294389\">\r\n    <div class=\"col col-12 w-overlap-box\" style=\"right:-0;z-index:50\">\r\n    <div class=\"col-inner\"><div class=\"w-text-block\">\n    <p style=\"text-align: left;\">Our network of packaging makers are ready to provide information and guide you according to your needs - do not hesitate to contact :<\/p>\n<ul>\n<li>by mail : info@micropap.org<\/li>\n<li>by phone : +33 1 53 89 24 89<\/li>\n<li>via the form below.<\/li>\n<\/ul>\n<p>In any case you will have an answer.<\/p>\n<\/div><div class=\"w-space\" style=\"height:30px\"><\/div><\/div><\/div><\/div><\/div><\/div><\/div><\/section><section class=\"w-section\">\r\n<div class=\"row\"><div class=\"col col-12\">\r\n    <div class=\"col-inner\">\n<div class=\"wpcf7 no-js\" id=\"wpcf7-f7295-o1\" lang=\"fr-FR\" dir=\"ltr\" data-wpcf7-id=\"7295\">\n<div class=\"screen-reader-response\"><p role=\"status\" aria-live=\"polite\" aria-atomic=\"true\"><\/p> <ul><\/ul><\/div>\n<form action=\"\/en\/wp-json\/wp\/v2\/pages\/7291#wpcf7-f7295-o1\" method=\"post\" class=\"wpcf7-form init\" aria-label=\"Formulaire de contact\" novalidate=\"novalidate\" data-status=\"init\" data-trp-original-action=\"\/en\/wp-json\/wp\/v2\/pages\/7291#wpcf7-f7295-o1\">\n<fieldset class=\"hidden-fields-container\"><input type=\"hidden\" name=\"_wpcf7\" value=\"7295\" \/><input type=\"hidden\" name=\"_wpcf7_version\" value=\"6.1.5\" \/><input type=\"hidden\" name=\"_wpcf7_locale\" value=\"fr_FR\" \/><input type=\"hidden\" name=\"_wpcf7_unit_tag\" value=\"wpcf7-f7295-o1\" \/><input type=\"hidden\" name=\"_wpcf7_container_post\" value=\"0\" \/><input type=\"hidden\" name=\"_wpcf7_posted_data_hash\" value=\"\" \/><input type=\"hidden\" name=\"_wpcf7_recaptcha_response\" value=\"\" \/>\n<\/fieldset>\n<p><label> Name*<br \/>\n<span class=\"wpcf7-form-control-wrap\" data-name=\"your-name\"><input size=\"40\" maxlength=\"400\" class=\"wpcf7-form-control wpcf7-text wpcf7-validates-as-required\" aria-required=\"true\" aria-invalid=\"false\" value=\"\" type=\"text\" name=\"your-name\" \/><\/span> <\/label>\n<\/p>\n<p><label> Email*<br \/>\n<span class=\"wpcf7-form-control-wrap\" data-name=\"your-email\"><input size=\"40\" maxlength=\"400\" class=\"wpcf7-form-control wpcf7-email wpcf7-validates-as-required wpcf7-text wpcf7-validates-as-email\" aria-required=\"true\" aria-invalid=\"false\" value=\"\" type=\"email\" name=\"your-email\" \/><\/span> <\/label>\n<\/p>\n<p><label> Object<br \/>\n<span class=\"wpcf7-form-control-wrap\" data-name=\"your-subject\"><input size=\"40\" maxlength=\"400\" class=\"wpcf7-form-control wpcf7-text\" aria-invalid=\"false\" value=\"\" type=\"text\" name=\"your-subject\" \/><\/span> <\/label>\n<\/p>\n<p><label> Message<br \/>\n<span class=\"wpcf7-form-control-wrap\" data-name=\"your-message\"><textarea cols=\"40\" rows=\"10\" maxlength=\"2000\" class=\"wpcf7-form-control wpcf7-textarea\" aria-invalid=\"false\" name=\"your-message\"><\/textarea><\/span> <\/label>\n<\/p>\n<p><input class=\"wpcf7-form-control wpcf7-submit has-spinner\" type=\"submit\" value=\"Send\" \/>\n<\/p><div class=\"wpcf7-response-output\" aria-hidden=\"true\"><\/div>\n<input type=\"hidden\" name=\"trp-form-language\" value=\"en\"\/><\/form>\n<\/div>\n<\/div><\/div><\/div><\/section><section class=\"w-section\">\r\n<div class=\"row\"><div class=\"col col-12\">\r\n    <div class=\"col-inner\"><div class=\"w-image-gallery w-slider\">\r\n    <div class=\"owl-carousel\" data-items=\"6\" data-navigation=\"true\" data-pagination=\"true\" data-loop=\"true\" data-auto-play=\"true\" data-speed=\"6\">\r\n                    <div class=\"\">\r\n                                <a href=\"https:\/\/micropap.fr\/wp-content\/uploads\/2021\/06\/steacks.png\" data-rel=\"lightcase:gallery-69\">\r\n        <img loading=\"lazy\" decoding=\"async\" width=\"150\" height=\"150\" src=\"https:\/\/micropap.fr\/wp-content\/uploads\/2021\/06\/steacks-150x150.png\" class=\"cover-image\" alt=\"emballage papier steaks\" srcset=\"https:\/\/micropap.fr\/wp-content\/uploads\/2021\/06\/steacks-150x150.png 150w, https:\/\/micropap.fr\/wp-content\/uploads\/2021\/06\/steacks-340x340.png 340w, https:\/\/micropap.fr\/wp-content\/uploads\/2021\/06\/steacks-640x640.png 640w, https:\/\/micropap.fr\/wp-content\/uploads\/2021\/06\/steacks-960x960.png 960w\" sizes=\"auto, (max-width: 150px) 100vw, 150px\" \/>        <\/a>\r\n                <\/div>\r\n                    <div class=\"\">\r\n                                <a href=\"https:\/\/micropap.fr\/wp-content\/uploads\/2021\/06\/sandwich.png\" data-rel=\"lightcase:gallery-69\">\r\n        <img loading=\"lazy\" decoding=\"async\" width=\"150\" height=\"150\" src=\"https:\/\/micropap.fr\/wp-content\/uploads\/2021\/06\/sandwich-150x150.png\" class=\"cover-image\" alt=\"emballage papier sandwich\" srcset=\"https:\/\/micropap.fr\/wp-content\/uploads\/2021\/06\/sandwich-150x150.png 150w, https:\/\/micropap.fr\/wp-content\/uploads\/2021\/06\/sandwich-340x340.png 340w, https:\/\/micropap.fr\/wp-content\/uploads\/2021\/06\/sandwich-640x640.png 640w, https:\/\/micropap.fr\/wp-content\/uploads\/2021\/06\/sandwich-960x960.png 960w\" sizes=\"auto, (max-width: 150px) 100vw, 150px\" \/>        <\/a>\r\n                <\/div>\r\n                    <div class=\"\">\r\n                                <a href=\"https:\/\/micropap.fr\/wp-content\/uploads\/2021\/06\/pate\u0301croute.png\" data-rel=\"lightcase:gallery-69\">\r\n        <img loading=\"lazy\" decoding=\"async\" width=\"150\" height=\"150\" src=\"https:\/\/micropap.fr\/wp-content\/uploads\/2021\/06\/pate\u0301croute-150x150.png\" class=\"cover-image\" alt=\"emballage papier pat\u00e9 croute\" srcset=\"https:\/\/micropap.fr\/wp-content\/uploads\/2021\/06\/pate\u0301croute-150x150.png 150w, https:\/\/micropap.fr\/wp-content\/uploads\/2021\/06\/pate\u0301croute-340x340.png 340w, https:\/\/micropap.fr\/wp-content\/uploads\/2021\/06\/pate\u0301croute-640x640.png 640w, https:\/\/micropap.fr\/wp-content\/uploads\/2021\/06\/pate\u0301croute-960x960.png 960w\" sizes=\"auto, (max-width: 150px) 100vw, 150px\" \/>        <\/a>\r\n                <\/div>\r\n                    <div class=\"\">\r\n                                <a href=\"https:\/\/micropap.fr\/wp-content\/uploads\/2021\/07\/camambert.png\" data-rel=\"lightcase:gallery-69\">\r\n        <img loading=\"lazy\" decoding=\"async\" width=\"150\" height=\"150\" src=\"https:\/\/micropap.fr\/wp-content\/uploads\/2021\/07\/camambert-150x150.png\" class=\"cover-image\" alt=\"emballage papier camembert\" srcset=\"https:\/\/micropap.fr\/wp-content\/uploads\/2021\/07\/camambert-150x150.png 150w, https:\/\/micropap.fr\/wp-content\/uploads\/2021\/07\/camambert-340x340.png 340w, https:\/\/micropap.fr\/wp-content\/uploads\/2021\/07\/camambert-640x640.png 640w, https:\/\/micropap.fr\/wp-content\/uploads\/2021\/07\/camambert-960x960.png 960w\" sizes=\"auto, (max-width: 150px) 100vw, 150px\" \/>        <\/a>\r\n                <\/div>\r\n                    <div class=\"\">\r\n                                <a href=\"https:\/\/micropap.fr\/wp-content\/uploads\/2021\/07\/fromager4.png\" data-rel=\"lightcase:gallery-69\">\r\n        <img loading=\"lazy\" decoding=\"async\" width=\"150\" height=\"150\" src=\"https:\/\/micropap.fr\/wp-content\/uploads\/2021\/07\/fromager4-150x150.png\" class=\"cover-image\" alt=\"vitrine de fromage\" srcset=\"https:\/\/micropap.fr\/wp-content\/uploads\/2021\/07\/fromager4-150x150.png 150w, https:\/\/micropap.fr\/wp-content\/uploads\/2021\/07\/fromager4-340x340.png 340w, https:\/\/micropap.fr\/wp-content\/uploads\/2021\/07\/fromager4-640x640.png 640w, https:\/\/micropap.fr\/wp-content\/uploads\/2021\/07\/fromager4-960x960.png 960w\" sizes=\"auto, (max-width: 150px) 100vw, 150px\" \/>        <\/a>\r\n                <\/div>\r\n                    <div class=\"\">\r\n                                <a href=\"https:\/\/micropap.fr\/wp-content\/uploads\/2021\/07\/maquereaux.png\" data-rel=\"lightcase:gallery-69\">\r\n        <img loading=\"lazy\" decoding=\"async\" width=\"150\" height=\"150\" src=\"https:\/\/micropap.fr\/wp-content\/uploads\/2021\/07\/maquereaux-150x150.png\" class=\"cover-image\" alt=\"emballage papier maquereaux\" srcset=\"https:\/\/micropap.fr\/wp-content\/uploads\/2021\/07\/maquereaux-150x150.png 150w, https:\/\/micropap.fr\/wp-content\/uploads\/2021\/07\/maquereaux-340x340.png 340w, https:\/\/micropap.fr\/wp-content\/uploads\/2021\/07\/maquereaux-640x640.png 640w, https:\/\/micropap.fr\/wp-content\/uploads\/2021\/07\/maquereaux-960x960.png 960w\" sizes=\"auto, (max-width: 150px) 100vw, 150px\" \/>        <\/a>\r\n                <\/div>\r\n                    <div class=\"\">\r\n                                <a href=\"https:\/\/micropap.fr\/wp-content\/uploads\/2021\/07\/saucissons.png\" data-rel=\"lightcase:gallery-69\">\r\n        <img loading=\"lazy\" decoding=\"async\" width=\"150\" height=\"150\" src=\"https:\/\/micropap.fr\/wp-content\/uploads\/2021\/07\/saucissons-150x150.png\" class=\"cover-image\" alt=\"Emballage papier saucisson\" srcset=\"https:\/\/micropap.fr\/wp-content\/uploads\/2021\/07\/saucissons-150x150.png 150w, https:\/\/micropap.fr\/wp-content\/uploads\/2021\/07\/saucissons-340x340.png 340w, https:\/\/micropap.fr\/wp-content\/uploads\/2021\/07\/saucissons-640x640.png 640w, https:\/\/micropap.fr\/wp-content\/uploads\/2021\/07\/saucissons-960x960.png 960w\" sizes=\"auto, (max-width: 150px) 100vw, 150px\" \/>        <\/a>\r\n                <\/div>\r\n                    <div class=\"\">\r\n                                <a href=\"https:\/\/micropap.fr\/wp-content\/uploads\/2021\/07\/fromager2.png\" data-rel=\"lightcase:gallery-69\">\r\n        <img loading=\"lazy\" decoding=\"async\" width=\"150\" height=\"150\" src=\"https:\/\/micropap.fr\/wp-content\/uploads\/2021\/07\/fromager2-150x150.png\" class=\"cover-image\" alt=\"\u00e9tag\u00e8re de fromage\" srcset=\"https:\/\/micropap.fr\/wp-content\/uploads\/2021\/07\/fromager2-150x150.png 150w, https:\/\/micropap.fr\/wp-content\/uploads\/2021\/07\/fromager2-340x340.png 340w, https:\/\/micropap.fr\/wp-content\/uploads\/2021\/07\/fromager2-640x640.png 640w, https:\/\/micropap.fr\/wp-content\/uploads\/2021\/07\/fromager2-960x960.png 960w\" sizes=\"auto, (max-width: 150px) 100vw, 150px\" \/>        <\/a>\r\n                <\/div>\r\n                    <div class=\"\">\r\n                                <a href=\"https:\/\/micropap.fr\/wp-content\/uploads\/2021\/06\/livarot.png\" data-rel=\"lightcase:gallery-69\">\r\n        <img loading=\"lazy\" decoding=\"async\" width=\"150\" height=\"150\" src=\"https:\/\/micropap.fr\/wp-content\/uploads\/2021\/06\/livarot-150x150.png\" class=\"cover-image\" alt=\"emballage papier livarot\" srcset=\"https:\/\/micropap.fr\/wp-content\/uploads\/2021\/06\/livarot-150x150.png 150w, https:\/\/micropap.fr\/wp-content\/uploads\/2021\/06\/livarot-340x340.png 340w, https:\/\/micropap.fr\/wp-content\/uploads\/2021\/06\/livarot-640x640.png 640w, https:\/\/micropap.fr\/wp-content\/uploads\/2021\/06\/livarot-960x960.png 960w\" sizes=\"auto, (max-width: 150px) 100vw, 150px\" \/>        <\/a>\r\n                <\/div>\r\n                    <div class=\"\">\r\n                                <a href=\"https:\/\/micropap.fr\/wp-content\/uploads\/2021\/07\/endives-rouges.png\" data-rel=\"lightcase:gallery-69\">\r\n        <img loading=\"lazy\" decoding=\"async\" width=\"150\" height=\"150\" src=\"https:\/\/micropap.fr\/wp-content\/uploads\/2021\/07\/endives-rouges-150x150.png\" class=\"cover-image\" alt=\"emballage papier endive rouge\" srcset=\"https:\/\/micropap.fr\/wp-content\/uploads\/2021\/07\/endives-rouges-150x150.png 150w, https:\/\/micropap.fr\/wp-content\/uploads\/2021\/07\/endives-rouges-340x340.png 340w, https:\/\/micropap.fr\/wp-content\/uploads\/2021\/07\/endives-rouges-640x640.png 640w, https:\/\/micropap.fr\/wp-content\/uploads\/2021\/07\/endives-rouges-960x960.png 960w\" sizes=\"auto, (max-width: 150px) 100vw, 150px\" \/>        <\/a>\r\n                <\/div>\r\n                    <div class=\"\">\r\n                                <a href=\"https:\/\/micropap.fr\/wp-content\/uploads\/2021\/07\/fromager3.png\" data-rel=\"lightcase:gallery-69\">\r\n        <img loading=\"lazy\" decoding=\"async\" width=\"150\" height=\"150\" src=\"https:\/\/micropap.fr\/wp-content\/uploads\/2021\/07\/fromager3-150x150.png\" class=\"cover-image\" alt=\"emballage papier fromage de ch\u00e8vre\" srcset=\"https:\/\/micropap.fr\/wp-content\/uploads\/2021\/07\/fromager3-150x150.png 150w, https:\/\/micropap.fr\/wp-content\/uploads\/2021\/07\/fromager3-340x340.png 340w, https:\/\/micropap.fr\/wp-content\/uploads\/2021\/07\/fromager3-640x640.png 640w, https:\/\/micropap.fr\/wp-content\/uploads\/2021\/07\/fromager3-960x960.png 960w\" sizes=\"auto, (max-width: 150px) 100vw, 150px\" \/>        <\/a>\r\n                <\/div>\r\n                    <div class=\"\">\r\n                                <a href=\"https:\/\/micropap.fr\/wp-content\/uploads\/2021\/07\/maquereaux-saumon.png\" data-rel=\"lightcase:gallery-69\">\r\n        <img loading=\"lazy\" decoding=\"async\" width=\"150\" height=\"150\" src=\"https:\/\/micropap.fr\/wp-content\/uploads\/2021\/07\/maquereaux-saumon-150x150.png\" class=\"cover-image\" alt=\"enballage papier maquereaux + saumon\" srcset=\"https:\/\/micropap.fr\/wp-content\/uploads\/2021\/07\/maquereaux-saumon-150x150.png 150w, https:\/\/micropap.fr\/wp-content\/uploads\/2021\/07\/maquereaux-saumon-340x340.png 340w, https:\/\/micropap.fr\/wp-content\/uploads\/2021\/07\/maquereaux-saumon-640x640.png 640w, https:\/\/micropap.fr\/wp-content\/uploads\/2021\/07\/maquereaux-saumon-960x960.png 960w\" sizes=\"auto, (max-width: 150px) 100vw, 150px\" \/>        <\/a>\r\n                <\/div>\r\n                    <div class=\"\">\r\n                                <a href=\"https:\/\/micropap.fr\/wp-content\/uploads\/2021\/07\/fromager5.png\" data-rel=\"lightcase:gallery-69\">\r\n        <img loading=\"lazy\" decoding=\"async\" width=\"150\" height=\"150\" src=\"https:\/\/micropap.fr\/wp-content\/uploads\/2021\/07\/fromager5-150x150.png\" class=\"cover-image\" alt=\"Fromager\" srcset=\"https:\/\/micropap.fr\/wp-content\/uploads\/2021\/07\/fromager5-150x150.png 150w, https:\/\/micropap.fr\/wp-content\/uploads\/2021\/07\/fromager5-340x340.png 340w, https:\/\/micropap.fr\/wp-content\/uploads\/2021\/07\/fromager5-640x640.png 640w, https:\/\/micropap.fr\/wp-content\/uploads\/2021\/07\/fromager5-960x960.png 960w\" sizes=\"auto, (max-width: 150px) 100vw, 150px\" \/>        <\/a>\r\n                <\/div>\r\n                    <div class=\"\">\r\n                                <a href=\"https:\/\/micropap.fr\/wp-content\/uploads\/2021\/07\/saumons.png\" data-rel=\"lightcase:gallery-69\">\r\n        <img loading=\"lazy\" decoding=\"async\" width=\"150\" height=\"150\" src=\"https:\/\/micropap.fr\/wp-content\/uploads\/2021\/07\/saumons-150x150.png\" class=\"cover-image\" alt=\"Emballage papier saumon\" srcset=\"https:\/\/micropap.fr\/wp-content\/uploads\/2021\/07\/saumons-150x150.png 150w, https:\/\/micropap.fr\/wp-content\/uploads\/2021\/07\/saumons-340x340.png 340w, https:\/\/micropap.fr\/wp-content\/uploads\/2021\/07\/saumons-640x640.png 640w, https:\/\/micropap.fr\/wp-content\/uploads\/2021\/07\/saumons-960x960.png 960w\" sizes=\"auto, (max-width: 150px) 100vw, 150px\" \/>        <\/a>\r\n                <\/div>\r\n                    <div class=\"\">\r\n                                <a href=\"https:\/\/micropap.fr\/wp-content\/uploads\/2021\/07\/fromager1.png\" data-rel=\"lightcase:gallery-69\">\r\n        <img loading=\"lazy\" decoding=\"async\" width=\"150\" height=\"150\" src=\"https:\/\/micropap.fr\/wp-content\/uploads\/2021\/07\/fromager1-150x150.png\" class=\"cover-image\" alt=\"Boutique de fromages\" srcset=\"https:\/\/micropap.fr\/wp-content\/uploads\/2021\/07\/fromager1-150x150.png 150w, https:\/\/micropap.fr\/wp-content\/uploads\/2021\/07\/fromager1-340x340.png 340w, https:\/\/micropap.fr\/wp-content\/uploads\/2021\/07\/fromager1-640x640.png 640w, https:\/\/micropap.fr\/wp-content\/uploads\/2021\/07\/fromager1-960x960.png 960w\" sizes=\"auto, (max-width: 150px) 100vw, 150px\" \/>        <\/a>\r\n                <\/div>\r\n                    <div class=\"\">\r\n                                <a href=\"https:\/\/micropap.fr\/wp-content\/uploads\/2021\/07\/endives.png\" data-rel=\"lightcase:gallery-69\">\r\n        <img loading=\"lazy\" decoding=\"async\" width=\"150\" height=\"150\" src=\"https:\/\/micropap.fr\/wp-content\/uploads\/2021\/07\/endives-150x150.png\" class=\"cover-image\" alt=\"emballage papier endive\" srcset=\"https:\/\/micropap.fr\/wp-content\/uploads\/2021\/07\/endives-150x150.png 150w, https:\/\/micropap.fr\/wp-content\/uploads\/2021\/07\/endives-340x340.png 340w, https:\/\/micropap.fr\/wp-content\/uploads\/2021\/07\/endives-640x640.png 640w, https:\/\/micropap.fr\/wp-content\/uploads\/2021\/07\/endives-960x960.png 960w\" sizes=\"auto, (max-width: 150px) 100vw, 150px\" \/>        <\/a>\r\n                <\/div>\r\n        <\/div>\r\n<\/div><\/div><\/div><\/div><\/section>","protected":false},"excerpt":{"rendered":"N'h\u00e9sitez pas \u00e0 nous contacter pour tous renseignements Notre r\u00e9seau de professionnels se tient \u00e0 votre disposition pour vous renseigner et vous guider en fonction de vos besoins - n'h\u00e9sitez pas \u00e0 nous contacter : par mail : info@micropap.fr par t\u00e9l\u00e9phone : 01 53 89 24 89 via le formulaire de contact ci-dessous. Dans tous [...]","protected":false},"author":1,"featured_media":0,"parent":0,"menu_order":0,"comment_status":"closed","ping_status":"closed","template":"","meta":{"footnotes":""},"class_list":["post-7291","page","type-page","status-publish","hentry"],"yoast_head":"<!-- This site is optimized with the Yoast SEO plugin v27.4 - https:\/\/yoast.com\/product\/yoast-seo-wordpress\/ -->\n<title>Contact - Micropap<\/title>\n<meta name=\"description\" content=\"Notre r\u00e9seau de professionnels se tient \u00e0 votre disposition pour vous renseigner et vous guider en fonction de vos besoins.\" \/>\n<meta name=\"robots\" content=\"index, follow, max-snippet:-1, max-image-preview:large, max-video-preview:-1\" \/>\n<link rel=\"canonical\" href=\"https:\/\/micropap.fr\/en\/contact\/\" \/>\n<meta property=\"og:locale\" content=\"en_GB\" \/>\n<meta property=\"og:type\" content=\"article\" \/>\n<meta property=\"og:title\" content=\"Contact - Micropap\" \/>\n<meta property=\"og:description\" content=\"Notre r\u00e9seau de professionnels se tient \u00e0 votre disposition pour vous renseigner et vous guider en fonction de vos besoins.\" \/>\n<meta property=\"og:url\" content=\"https:\/\/micropap.fr\/en\/contact\/\" \/>\n<meta property=\"og:site_name\" content=\"Micropap\" \/>\n<meta property=\"article:modified_time\" content=\"2025-09-19T13:27:34+00:00\" \/>\n<meta name=\"twitter:card\" content=\"summary_large_image\" \/>\n<meta name=\"twitter:label1\" content=\"Estimated reading time\" \/>\n\t<meta name=\"twitter:data1\" content=\"1 minute\" \/>\n<script type=\"application\/ld+json\" class=\"yoast-schema-graph\">{\"@context\":\"https:\\\/\\\/schema.org\",\"@graph\":[{\"@type\":\"WebPage\",\"@id\":\"https:\\\/\\\/micropap.fr\\\/contact\\\/\",\"url\":\"https:\\\/\\\/micropap.fr\\\/contact\\\/\",\"name\":\"Contact - Micropap\",\"isPartOf\":{\"@id\":\"https:\\\/\\\/micropap.fr\\\/#website\"},\"datePublished\":\"2021-05-26T08:22:21+00:00\",\"dateModified\":\"2025-09-19T13:27:34+00:00\",\"description\":\"Notre r\u00e9seau de professionnels se tient \u00e0 votre disposition pour vous renseigner et vous guider en fonction de vos besoins.\",\"breadcrumb\":{\"@id\":\"https:\\\/\\\/micropap.fr\\\/contact\\\/#breadcrumb\"},\"inLanguage\":\"en-GB\",\"potentialAction\":[{\"@type\":\"ReadAction\",\"target\":[\"https:\\\/\\\/micropap.fr\\\/contact\\\/\"]}]},{\"@type\":\"BreadcrumbList\",\"@id\":\"https:\\\/\\\/micropap.fr\\\/contact\\\/#breadcrumb\",\"itemListElement\":[{\"@type\":\"ListItem\",\"position\":1,\"name\":\"Accueil\",\"item\":\"https:\\\/\\\/micropap.fr\\\/\"},{\"@type\":\"ListItem\",\"position\":2,\"name\":\"Contact\"}]},{\"@type\":\"WebSite\",\"@id\":\"https:\\\/\\\/micropap.fr\\\/#website\",\"url\":\"https:\\\/\\\/micropap.fr\\\/\",\"name\":\"Micropap\",\"description\":\"\",\"publisher\":{\"@id\":\"https:\\\/\\\/micropap.fr\\\/#organization\"},\"potentialAction\":[{\"@type\":\"SearchAction\",\"target\":{\"@type\":\"EntryPoint\",\"urlTemplate\":\"https:\\\/\\\/micropap.fr\\\/?s={search_term_string}\"},\"query-input\":{\"@type\":\"PropertyValueSpecification\",\"valueRequired\":true,\"valueName\":\"search_term_string\"}}],\"inLanguage\":\"en-GB\"},{\"@type\":\"Organization\",\"@id\":\"https:\\\/\\\/micropap.fr\\\/#organization\",\"name\":\"micropap\",\"url\":\"https:\\\/\\\/micropap.fr\\\/\",\"logo\":{\"@type\":\"ImageObject\",\"inLanguage\":\"en-GB\",\"@id\":\"https:\\\/\\\/micropap.fr\\\/#\\\/schema\\\/logo\\\/image\\\/\",\"url\":\"https:\\\/\\\/micropap.fr\\\/wp-content\\\/uploads\\\/2021\\\/09\\\/cropped-Micropap-favicon.png\",\"contentUrl\":\"https:\\\/\\\/micropap.fr\\\/wp-content\\\/uploads\\\/2021\\\/09\\\/cropped-Micropap-favicon.png\",\"width\":512,\"height\":512,\"caption\":\"micropap\"},\"image\":{\"@id\":\"https:\\\/\\\/micropap.fr\\\/#\\\/schema\\\/logo\\\/image\\\/\"}}]}<\/script>\n<!-- \/ Yoast SEO plugin. -->","yoast_head_json":{"title":"Contact - Micropap","description":"Notre r\u00e9seau de professionnels se tient \u00e0 votre disposition pour vous renseigner et vous guider en fonction de vos besoins.","robots":{"index":"index","follow":"follow","max-snippet":"max-snippet:-1","max-image-preview":"max-image-preview:large","max-video-preview":"max-video-preview:-1"},"canonical":"https:\/\/micropap.fr\/en\/contact\/","og_locale":"en_GB","og_type":"article","og_title":"Contact - Micropap","og_description":"Notre r\u00e9seau de professionnels se tient \u00e0 votre disposition pour vous renseigner et vous guider en fonction de vos besoins.","og_url":"https:\/\/micropap.fr\/en\/contact\/","og_site_name":"Micropap","article_modified_time":"2025-09-19T13:27:34+00:00","twitter_card":"summary_large_image","twitter_misc":{"Estimated reading time":"1 minute"},"schema":{"@context":"https:\/\/schema.org","@graph":[{"@type":"WebPage","@id":"https:\/\/micropap.fr\/contact\/","url":"https:\/\/micropap.fr\/contact\/","name":"Contact - Micropap","isPartOf":{"@id":"https:\/\/micropap.fr\/#website"},"datePublished":"2021-05-26T08:22:21+00:00","dateModified":"2025-09-19T13:27:34+00:00","description":"Notre r\u00e9seau de professionnels se tient \u00e0 votre disposition pour vous renseigner et vous guider en fonction de vos besoins.","breadcrumb":{"@id":"https:\/\/micropap.fr\/contact\/#breadcrumb"},"inLanguage":"en-GB","potentialAction":[{"@type":"ReadAction","target":["https:\/\/micropap.fr\/contact\/"]}]},{"@type":"BreadcrumbList","@id":"https:\/\/micropap.fr\/contact\/#breadcrumb","itemListElement":[{"@type":"ListItem","position":1,"name":"Accueil","item":"https:\/\/micropap.fr\/"},{"@type":"ListItem","position":2,"name":"Contact"}]},{"@type":"WebSite","@id":"https:\/\/micropap.fr\/#website","url":"https:\/\/micropap.fr\/","name":"Micropap","description":"","publisher":{"@id":"https:\/\/micropap.fr\/#organization"},"potentialAction":[{"@type":"SearchAction","target":{"@type":"EntryPoint","urlTemplate":"https:\/\/micropap.fr\/?s={search_term_string}"},"query-input":{"@type":"PropertyValueSpecification","valueRequired":true,"valueName":"search_term_string"}}],"inLanguage":"en-GB"},{"@type":"Organization","@id":"https:\/\/micropap.fr\/#organization","name":"micropap","url":"https:\/\/micropap.fr\/","logo":{"@type":"ImageObject","inLanguage":"en-GB","@id":"https:\/\/micropap.fr\/#\/schema\/logo\/image\/","url":"https:\/\/micropap.fr\/wp-content\/uploads\/2021\/09\/cropped-Micropap-favicon.png","contentUrl":"https:\/\/micropap.fr\/wp-content\/uploads\/2021\/09\/cropped-Micropap-favicon.png","width":512,"height":512,"caption":"micropap"},"image":{"@id":"https:\/\/micropap.fr\/#\/schema\/logo\/image\/"}}]}},"_links":{"self":[{"href":"https:\/\/micropap.fr\/en\/wp-json\/wp\/v2\/pages\/7291","targetHints":{"allow":["GET"]}}],"collection":[{"href":"https:\/\/micropap.fr\/en\/wp-json\/wp\/v2\/pages"}],"about":[{"href":"https:\/\/micropap.fr\/en\/wp-json\/wp\/v2\/types\/page"}],"author":[{"embeddable":true,"href":"https:\/\/micropap.fr\/en\/wp-json\/wp\/v2\/users\/1"}],"replies":[{"embeddable":true,"href":"https:\/\/micropap.fr\/en\/wp-json\/wp\/v2\/comments?post=7291"}],"version-history":[{"count":14,"href":"https:\/\/micropap.fr\/en\/wp-json\/wp\/v2\/pages\/7291\/revisions"}],"predecessor-version":[{"id":12522,"href":"https:\/\/micropap.fr\/en\/wp-json\/wp\/v2\/pages\/7291\/revisions\/12522"}],"wp:attachment":[{"href":"https:\/\/micropap.fr\/en\/wp-json\/wp\/v2\/media?parent=7291"}],"curies":[{"name":"wp","href":"https:\/\/api.w.org\/{rel}","templated":true}]}}