{"id":7508,"date":"2021-06-29T17:10:53","date_gmt":"2021-06-29T15:10:53","guid":{"rendered":"http:\/\/micropap.idevs.fr\/?page_id=7508"},"modified":"2021-06-29T21:37:04","modified_gmt":"2021-06-29T19:37:04","slug":"mentions-legales","status":"publish","type":"page","link":"https:\/\/micropap.fr\/en\/mentions-legales\/","title":{"rendered":"Legal notices"},"content":{"rendered":"<section class=\"w-section m-padding custom-display-row\">\r\n<div class=\"row\"><div class=\"col col-12\">\r\n    <div class=\"col-inner\"><div class=\"row vc_custom_1618316294389\">\r\n    <div class=\"col col-12 w-overlap-box\" style=\"right:-0;z-index:50\">\r\n    <div class=\"col-inner\"><div class=\"w-space\" style=\"height:30px\"><\/div><div class=\"w-text-block\">\n    <p><strong>&gt;&gt; Publisher information<\/strong><\/p>\n<p class=\"translation-block\">The website <u><a href=\"http:\/\/www.micropap.org\" target=\"_self\">www.micropap.org<\/a> <\/u> is published by Groupement MICROPAP\nHead office address: 23 rue d\u2019Aumale \u2013 75009 PARIS<\/p>\n<p>Publication manager: Bernadette BARREYRE<\/p>\n<p><strong>&gt;&gt; Use of documents available on the Groupement MICROPAP website<\/strong><\/p>\n<p class=\"translation-block\">Any document published by Groupement MICROPAP can be used, subject to an e-mail request to <u>info@micropap.org<\/u> and the inclusion of the following information:<\/p>\n<ul>\n<li>the exact title of the document;<\/li>\n<li>the source: \u00a9 customer\u2019s name;<\/li>\n<\/ul>\n<p><strong>&gt;&gt; Personal data and the GDPR<\/strong><\/p>\n<p class=\"translation-block\">In accordance with Law no. 78-17 of 6 January 1978, no personal data shall be collected without your knowledge. You have the right to access, modify and rectify data pertaining to you.  You can exercise this right by sending an email to: <em><u>info@micropap.org<\/u><\/em><br>\nPersonal data collected when subscribing to mailing lists and newsletters, or when buying services, shall only be used for the purposes of sending these publications and information relating to these publications. No personal data shall be divulged to third parties. Personal data collected when submitting an application shall be retained in our recruitment database for a period of 24 months. At the end of this period, only your name and file number shall be stored for a further 24 months.<\/p>\n<p class=\"translation-block\">In accordance with the provisions of the General Data Protection Regulation, which came into force on 25 May 2018, you have the right to request the portability of your personal data, the right to information, the right of access to your personal data, the right to rectification or deletion, and the right to limitation or opposition to processing of said data in certain cases. These rights can be exercised at any time by sending a detailed request to the following address:  <em><u>info@micropap.org<\/u><\/em><\/p>\n<p>Furthermore, if you have any questions regarding the protection of your personal data, or if you would like to contact one of our data controllers, please send a detailed message to the address indicated above, and we will do our utmost to provide a response.<\/p>\n<p>However, if your request is not specific enough, we will not be able to process it within a reasonable timeframe.<\/p>\n<p><strong>&gt;&gt; Statistical data <\/strong><\/p>\n<p>When you access the website, a session cookie is created. This cookie records information related to browsing on our website via your computer (the pages viewed, the date and time viewed, etc.), which can be read by the website on subsequent visits. You can stop these cookies from being stored by changing the security settings on your browser.<\/p>\n<p><strong>&gt;&gt; Hosting<\/strong><\/p>\n<p class=\"translation-block\">The website of <em><u>info@micropap.org<\/u><\/em>  is hosted by: <br>\nOVH<br>\n2 rue Kellermann<br>\n59 100 Roubaix<br>\nFrance<\/p>\n<p><strong>&gt;&gt; Website creation<\/strong><\/p>\n<p>The website was created by the agency  INFINITE DEVELOPERS<\/p>\n<p><strong>&gt;&gt; Photo credits<\/strong><\/p>\n<p>Monitoring - Pictures taken by the agency A2G COM on behalf of Groupement MICROPAP<\/p>\n<p>Fromages &amp; Saveurs \u2013 Arnauld Dufour Fromager in Houdan<\/p>\n<\/div><div class=\"w-space\" style=\"height:100px\"><\/div><div class=\"w-space\" style=\"height:30px\"><\/div><\/div><\/div><\/div><\/div><\/div><\/div><\/section>","protected":false},"excerpt":{"rendered":"&gt;&gt; Informations \u00e9diteur Le site www.micropap.org est \u00e9dit\u00e9 par le Groupement MICROPAP Adresse du si\u00e8ge social : 23 rue d\u2019Aumale - 75009 PARIS Responsable de la publication : Bernadette BARREYRE, D\u00e9l\u00e9gu\u00e9e G\u00e9n\u00e9rale &gt;&gt; R\u00e9cup\u00e9ration de documents disponibles sur le site du Groupement MICROPAP Tout document \u00e9dit\u00e9 par le Groupement MICROPAP peut \u00eatre r\u00e9cup\u00e9r\u00e9, sous r\u00e9serve [...]","protected":false},"author":1,"featured_media":0,"parent":0,"menu_order":0,"comment_status":"closed","ping_status":"closed","template":"","meta":{"footnotes":""},"class_list":["post-7508","page","type-page","status-publish","hentry"],"yoast_head":"<!-- This site is optimized with the Yoast SEO plugin v27.6 - https:\/\/yoast.com\/product\/yoast-seo-wordpress\/ -->\n<title>Mentions l\u00e9gales - Micropap<\/title>\n<meta name=\"robots\" content=\"index, follow, max-snippet:-1, max-image-preview:large, max-video-preview:-1\" \/>\n<link rel=\"canonical\" href=\"https:\/\/micropap.fr\/en\/mentions-legales\/\" \/>\n<meta property=\"og:locale\" content=\"en_GB\" \/>\n<meta property=\"og:type\" content=\"article\" \/>\n<meta property=\"og:title\" content=\"Mentions l\u00e9gales - Micropap\" \/>\n<meta property=\"og:url\" content=\"https:\/\/micropap.fr\/en\/mentions-legales\/\" \/>\n<meta property=\"og:site_name\" content=\"Micropap\" \/>\n<meta property=\"article:modified_time\" content=\"2021-06-29T19:37:04+00:00\" \/>\n<meta name=\"twitter:card\" content=\"summary_large_image\" \/>\n<meta name=\"twitter:label1\" content=\"Estimated reading time\" \/>\n\t<meta name=\"twitter:data1\" content=\"3 minutes\" \/>\n<script type=\"application\/ld+json\" class=\"yoast-schema-graph\">{\"@context\":\"https:\\\/\\\/schema.org\",\"@graph\":[{\"@type\":\"WebPage\",\"@id\":\"https:\\\/\\\/micropap.fr\\\/en\\\/mentions-legales\\\/\",\"url\":\"https:\\\/\\\/micropap.fr\\\/en\\\/mentions-legales\\\/\",\"name\":\"Mentions l\u00e9gales - Micropap\",\"isPartOf\":{\"@id\":\"https:\\\/\\\/micropap.fr\\\/#website\"},\"datePublished\":\"2021-06-29T15:10:53+00:00\",\"dateModified\":\"2021-06-29T19:37:04+00:00\",\"breadcrumb\":{\"@id\":\"https:\\\/\\\/micropap.fr\\\/en\\\/mentions-legales\\\/#breadcrumb\"},\"inLanguage\":\"en-GB\",\"potentialAction\":[{\"@type\":\"ReadAction\",\"target\":[\"https:\\\/\\\/micropap.fr\\\/en\\\/mentions-legales\\\/\"]}]},{\"@type\":\"BreadcrumbList\",\"@id\":\"https:\\\/\\\/micropap.fr\\\/en\\\/mentions-legales\\\/#breadcrumb\",\"itemListElement\":[{\"@type\":\"ListItem\",\"position\":1,\"name\":\"Accueil\",\"item\":\"https:\\\/\\\/micropap.fr\\\/\"},{\"@type\":\"ListItem\",\"position\":2,\"name\":\"Mentions l\u00e9gales\"}]},{\"@type\":\"WebSite\",\"@id\":\"https:\\\/\\\/micropap.fr\\\/#website\",\"url\":\"https:\\\/\\\/micropap.fr\\\/\",\"name\":\"Micropap\",\"description\":\"\",\"publisher\":{\"@id\":\"https:\\\/\\\/micropap.fr\\\/#organization\"},\"potentialAction\":[{\"@type\":\"SearchAction\",\"target\":{\"@type\":\"EntryPoint\",\"urlTemplate\":\"https:\\\/\\\/micropap.fr\\\/?s={search_term_string}\"},\"query-input\":{\"@type\":\"PropertyValueSpecification\",\"valueRequired\":true,\"valueName\":\"search_term_string\"}}],\"inLanguage\":\"en-GB\"},{\"@type\":\"Organization\",\"@id\":\"https:\\\/\\\/micropap.fr\\\/#organization\",\"name\":\"micropap\",\"url\":\"https:\\\/\\\/micropap.fr\\\/\",\"logo\":{\"@type\":\"ImageObject\",\"inLanguage\":\"en-GB\",\"@id\":\"https:\\\/\\\/micropap.fr\\\/#\\\/schema\\\/logo\\\/image\\\/\",\"url\":\"https:\\\/\\\/micropap.fr\\\/wp-content\\\/uploads\\\/2021\\\/09\\\/cropped-Micropap-favicon.png\",\"contentUrl\":\"https:\\\/\\\/micropap.fr\\\/wp-content\\\/uploads\\\/2021\\\/09\\\/cropped-Micropap-favicon.png\",\"width\":512,\"height\":512,\"caption\":\"micropap\"},\"image\":{\"@id\":\"https:\\\/\\\/micropap.fr\\\/#\\\/schema\\\/logo\\\/image\\\/\"}}]}<\/script>\n<!-- \/ Yoast SEO plugin. -->","yoast_head_json":{"title":"Mentions l\u00e9gales - Micropap","robots":{"index":"index","follow":"follow","max-snippet":"max-snippet:-1","max-image-preview":"max-image-preview:large","max-video-preview":"max-video-preview:-1"},"canonical":"https:\/\/micropap.fr\/en\/mentions-legales\/","og_locale":"en_GB","og_type":"article","og_title":"Mentions l\u00e9gales - Micropap","og_url":"https:\/\/micropap.fr\/en\/mentions-legales\/","og_site_name":"Micropap","article_modified_time":"2021-06-29T19:37:04+00:00","twitter_card":"summary_large_image","twitter_misc":{"Estimated reading time":"3 minutes"},"schema":{"@context":"https:\/\/schema.org","@graph":[{"@type":"WebPage","@id":"https:\/\/micropap.fr\/en\/mentions-legales\/","url":"https:\/\/micropap.fr\/en\/mentions-legales\/","name":"Mentions l\u00e9gales - Micropap","isPartOf":{"@id":"https:\/\/micropap.fr\/#website"},"datePublished":"2021-06-29T15:10:53+00:00","dateModified":"2021-06-29T19:37:04+00:00","breadcrumb":{"@id":"https:\/\/micropap.fr\/en\/mentions-legales\/#breadcrumb"},"inLanguage":"en-GB","potentialAction":[{"@type":"ReadAction","target":["https:\/\/micropap.fr\/en\/mentions-legales\/"]}]},{"@type":"BreadcrumbList","@id":"https:\/\/micropap.fr\/en\/mentions-legales\/#breadcrumb","itemListElement":[{"@type":"ListItem","position":1,"name":"Accueil","item":"https:\/\/micropap.fr\/"},{"@type":"ListItem","position":2,"name":"Mentions l\u00e9gales"}]},{"@type":"WebSite","@id":"https:\/\/micropap.fr\/#website","url":"https:\/\/micropap.fr\/","name":"Micropap","description":"","publisher":{"@id":"https:\/\/micropap.fr\/#organization"},"potentialAction":[{"@type":"SearchAction","target":{"@type":"EntryPoint","urlTemplate":"https:\/\/micropap.fr\/?s={search_term_string}"},"query-input":{"@type":"PropertyValueSpecification","valueRequired":true,"valueName":"search_term_string"}}],"inLanguage":"en-GB"},{"@type":"Organization","@id":"https:\/\/micropap.fr\/#organization","name":"micropap","url":"https:\/\/micropap.fr\/","logo":{"@type":"ImageObject","inLanguage":"en-GB","@id":"https:\/\/micropap.fr\/#\/schema\/logo\/image\/","url":"https:\/\/micropap.fr\/wp-content\/uploads\/2021\/09\/cropped-Micropap-favicon.png","contentUrl":"https:\/\/micropap.fr\/wp-content\/uploads\/2021\/09\/cropped-Micropap-favicon.png","width":512,"height":512,"caption":"micropap"},"image":{"@id":"https:\/\/micropap.fr\/#\/schema\/logo\/image\/"}}]}},"_links":{"self":[{"href":"https:\/\/micropap.fr\/en\/wp-json\/wp\/v2\/pages\/7508","targetHints":{"allow":["GET"]}}],"collection":[{"href":"https:\/\/micropap.fr\/en\/wp-json\/wp\/v2\/pages"}],"about":[{"href":"https:\/\/micropap.fr\/en\/wp-json\/wp\/v2\/types\/page"}],"author":[{"embeddable":true,"href":"https:\/\/micropap.fr\/en\/wp-json\/wp\/v2\/users\/1"}],"replies":[{"embeddable":true,"href":"https:\/\/micropap.fr\/en\/wp-json\/wp\/v2\/comments?post=7508"}],"version-history":[{"count":4,"href":"https:\/\/micropap.fr\/en\/wp-json\/wp\/v2\/pages\/7508\/revisions"}],"predecessor-version":[{"id":7513,"href":"https:\/\/micropap.fr\/en\/wp-json\/wp\/v2\/pages\/7508\/revisions\/7513"}],"wp:attachment":[{"href":"https:\/\/micropap.fr\/en\/wp-json\/wp\/v2\/media?parent=7508"}],"curies":[{"name":"wp","href":"https:\/\/api.w.org\/{rel}","templated":true}]}}